{"id":1195,"date":"2026-05-04T13:53:09","date_gmt":"2026-05-04T13:53:09","guid":{"rendered":"https:\/\/serwer440079.lh.pl\/autoinstalator\/serwer440079.lh.pl\/wordpress159935\/?page_id=1195"},"modified":"2026-05-05T17:24:47","modified_gmt":"2026-05-05T17:24:47","slug":"0-nas","status":"publish","type":"page","link":"https:\/\/bbvenomstudio.pl\/?page_id=1195","title":{"rendered":"O nas"},"content":{"rendered":"\t\t<div data-elementor-type=\"wp-page\" data-elementor-id=\"1195\" class=\"elementor elementor-1195\">\n\t\t\t\t\t\t<section class=\"elementor-section elementor-top-section elementor-element elementor-element-ipqukhd elementor-reverse-mobile elementor-section-boxed elementor-section-height-default elementor-section-height-default\" data-id=\"ipqukhd\" data-element_type=\"section\" data-e-type=\"section\" data-settings=\"{&quot;background_background&quot;:&quot;classic&quot;}\">\n\t\t\t\t\t\t\t<div class=\"elementor-background-overlay\"><\/div>\n\t\t\t\t\t\t\t<div class=\"elementor-container elementor-column-gap-default\">\n\t\t\t\t\t<div class=\"elementor-column elementor-col-50 elementor-top-column elementor-element elementor-element-90eaed0\" data-id=\"90eaed0\" data-element_type=\"column\" data-e-type=\"column\" data-settings=\"{&quot;background_background&quot;:&quot;classic&quot;}\">\n\t\t\t<div class=\"elementor-widget-wrap elementor-element-populated\">\n\t\t\t\t\t\t<div class=\"elementor-element elementor-element-940e0ea elementor-widget elementor-widget-image\" data-id=\"940e0ea\" data-element_type=\"widget\" data-e-type=\"widget\" data-widget_type=\"image.default\">\n\t\t\t\t<div class=\"elementor-widget-container\">\n\t\t\t\t\t\t\t\t\t\t\t\t\t\t\t<img fetchpriority=\"high\" decoding=\"async\" width=\"887\" height=\"1774\" src=\"https:\/\/bbvenomstudio.pl\/wp-content\/uploads\/2026\/05\/ChatGPT-Image-May-5-2026-06_07_34-PM.png\" class=\"attachment-full size-full wp-image-1531\" alt=\"chatgpt image may 5, 2026, 06 07 34 pm\" srcset=\"https:\/\/bbvenomstudio.pl\/wp-content\/uploads\/2026\/05\/ChatGPT-Image-May-5-2026-06_07_34-PM.png 887w, https:\/\/bbvenomstudio.pl\/wp-content\/uploads\/2026\/05\/ChatGPT-Image-May-5-2026-06_07_34-PM-150x300.png 150w, https:\/\/bbvenomstudio.pl\/wp-content\/uploads\/2026\/05\/ChatGPT-Image-May-5-2026-06_07_34-PM-512x1024.png 512w, https:\/\/bbvenomstudio.pl\/wp-content\/uploads\/2026\/05\/ChatGPT-Image-May-5-2026-06_07_34-PM-768x1536.png 768w\" sizes=\"(max-width: 887px) 100vw, 887px\" title=\"O nas\">\t\t\t\t\t\t\t\t\t\t\t\t\t\t\t<\/div>\n\t\t\t\t<\/div>\n\t\t\t\t\t<\/div>\n\t\t<\/div>\n\t\t\t\t<div class=\"elementor-column elementor-col-50 elementor-top-column elementor-element elementor-element-07a0040\" data-id=\"07a0040\" data-element_type=\"column\" data-e-type=\"column\">\n\t\t\t<div class=\"elementor-widget-wrap elementor-element-populated\">\n\t\t\t\t\t\t<div class=\"elementor-element elementor-element-f7680ac elementor-widget elementor-widget-heading\" data-id=\"f7680ac\" data-element_type=\"widget\" data-e-type=\"widget\" data-widget_type=\"heading.default\">\n\t\t\t\t<div class=\"elementor-widget-container\">\n\t\t\t\t\t<h3 class=\"elementor-heading-title elementor-size-default\">Ma\u0142e studio. Konkretne projekty.<\/h3>\t\t\t\t<\/div>\n\t\t\t\t<\/div>\n\t\t\t\t<div class=\"elementor-element elementor-element-edb23e3 elementor-widget elementor-widget-heading\" data-id=\"edb23e3\" data-element_type=\"widget\" data-e-type=\"widget\" data-widget_type=\"heading.default\">\n\t\t\t\t<div class=\"elementor-widget-container\">\n\t\t\t\t\t<h5 class=\"elementor-heading-title elementor-size-default\">Jeste\u015bmy dwuosobowym studiem projektowym. Stawiamy na jako\u015b\u0107, nie ilo\u015b\u0107, dlatego ka\u017cdy projekt traktujemy indywidualnie i od pocz\u0105tku do ko\u0144ca dopracowujemy w szczeg\u00f3\u0142ach.<\/h5>\t\t\t\t<\/div>\n\t\t\t\t<\/div>\n\t\t\t\t<div class=\"elementor-element elementor-element-0054d63 elementor-widget elementor-widget-text-editor\" data-id=\"0054d63\" data-element_type=\"widget\" data-e-type=\"widget\" data-widget_type=\"text-editor.default\">\n\t\t\t\t<div class=\"elementor-widget-container\">\n\t\t\t\t\t\t\t\t\t<p data-start=\"627\" data-end=\"781\">Nie dzia\u0142amy masowo i nie robimy \u201ekolejnych projekt\u00f3w z szablonu\u201d.<br data-start=\"689\" data-end=\"692\" \/>Ka\u017cdy projekt zaczynamy od zrozumienia Twojego pomys\u0142u i tego, co naprawd\u0119 ma osi\u0105gn\u0105\u0107.<\/p><p data-start=\"786\" data-end=\"914\">\u0141\u0105czymy estetyk\u0119 z funkcjonalno\u015bci\u0105, tak, \u017ceby efekt nie tylko wygl\u0105da\u0142 dobrze, ale te\u017c dzia\u0142a\u0142 i wspiera\u0142 rozw\u00f3j Twojej marki. Pracujesz bezpo\u015brednio z nami, bez po\u015brednik\u00f3w, bez chaosu, bez zgadywania.<\/p>\t\t\t\t\t\t\t\t<\/div>\n\t\t\t\t<\/div>\n\t\t\t\t<section class=\"elementor-section elementor-inner-section elementor-element elementor-element-f88cdc2 elementor-section-boxed elementor-section-height-default elementor-section-height-default\" data-id=\"f88cdc2\" data-element_type=\"section\" data-e-type=\"section\">\n\t\t\t\t\t\t<div class=\"elementor-container elementor-column-gap-default\">\n\t\t\t\t\t<div class=\"elementor-column elementor-col-50 elementor-inner-column elementor-element elementor-element-058dd3f\" data-id=\"058dd3f\" data-element_type=\"column\" data-e-type=\"column\">\n\t\t\t<div class=\"elementor-widget-wrap elementor-element-populated\">\n\t\t\t\t\t\t<div class=\"elementor-element elementor-element-ee75782 elementor-widget-divider--view-line elementor-widget elementor-widget-divider\" data-id=\"ee75782\" data-element_type=\"widget\" data-e-type=\"widget\" data-widget_type=\"divider.default\">\n\t\t\t\t<div class=\"elementor-widget-container\">\n\t\t\t\t\t\t\t<div class=\"elementor-divider\">\n\t\t\t<span class=\"elementor-divider-separator\">\n\t\t\t\t\t\t<\/span>\n\t\t<\/div>\n\t\t\t\t\t\t<\/div>\n\t\t\t\t<\/div>\n\t\t\t\t<div class=\"elementor-element elementor-element-72749b3 elementor-vertical-align-top elementor-widget elementor-widget-image-box\" data-id=\"72749b3\" data-element_type=\"widget\" data-e-type=\"widget\" data-widget_type=\"image-box.default\">\n\t\t\t\t<div class=\"elementor-widget-container\">\n\t\t\t\t\t<div class=\"elementor-image-box-wrapper\"><div class=\"elementor-image-box-content\"><h4 class=\"elementor-image-box-title\">Jako\u015b\u0107 ponad wszystko<\/h4><p class=\"elementor-image-box-description\">Bierzemy mniej projekt\u00f3w, \u017ceby ka\u017cdy by\u0142 dopracowany.\nSkupiamy si\u0119 na detalach, kt\u00f3re robi\u0105 r\u00f3\u017cnic\u0119.<\/p><\/div><\/div>\t\t\t\t<\/div>\n\t\t\t\t<\/div>\n\t\t\t\t\t<\/div>\n\t\t<\/div>\n\t\t\t\t<div class=\"elementor-column elementor-col-50 elementor-inner-column elementor-element elementor-element-b378305\" data-id=\"b378305\" data-element_type=\"column\" data-e-type=\"column\">\n\t\t\t<div class=\"elementor-widget-wrap elementor-element-populated\">\n\t\t\t\t\t\t<div class=\"elementor-element elementor-element-f2b0e46 elementor-widget-divider--view-line elementor-widget elementor-widget-divider\" data-id=\"f2b0e46\" data-element_type=\"widget\" data-e-type=\"widget\" data-widget_type=\"divider.default\">\n\t\t\t\t<div class=\"elementor-widget-container\">\n\t\t\t\t\t\t\t<div class=\"elementor-divider\">\n\t\t\t<span class=\"elementor-divider-separator\">\n\t\t\t\t\t\t<\/span>\n\t\t<\/div>\n\t\t\t\t\t\t<\/div>\n\t\t\t\t<\/div>\n\t\t\t\t<div class=\"elementor-element elementor-element-270462c elementor-vertical-align-top elementor-widget elementor-widget-image-box\" data-id=\"270462c\" data-element_type=\"widget\" data-e-type=\"widget\" data-widget_type=\"image-box.default\">\n\t\t\t\t<div class=\"elementor-widget-container\">\n\t\t\t\t\t<div class=\"elementor-image-box-wrapper\"><div class=\"elementor-image-box-content\"><h4 class=\"elementor-image-box-title\">Bez zb\u0119dnej komplikacji<\/h4><p class=\"elementor-image-box-description\">Jasny proces, konkretne decyzje i pe\u0142na przejrzysto\u015b\u0107 na ka\u017cdym etapie wsp\u00f3\u0142pracy.<\/p><\/div><\/div>\t\t\t\t<\/div>\n\t\t\t\t<\/div>\n\t\t\t\t\t<\/div>\n\t\t<\/div>\n\t\t\t\t\t<\/div>\n\t\t<\/section>\n\t\t\t\t\t<\/div>\n\t\t<\/div>\n\t\t\t\t\t<\/div>\n\t\t<\/section>\n\t\t<div class=\"elementor-element elementor-element-008b583 e-flex e-con-boxed e-con e-parent\" data-id=\"008b583\" data-element_type=\"container\" data-e-type=\"container\">\n\t\t\t\t\t<div class=\"e-con-inner\">\n\t\t<div class=\"elementor-element elementor-element-c1d67d6 e-con-full e-flex e-con e-child\" data-id=\"c1d67d6\" data-element_type=\"container\" data-e-type=\"container\">\n\t\t\t\t<div class=\"elementor-element elementor-element-4e335c1 elementor-widget elementor-widget-image\" data-id=\"4e335c1\" data-element_type=\"widget\" data-e-type=\"widget\" data-widget_type=\"image.default\">\n\t\t\t\t<div class=\"elementor-widget-container\">\n\t\t\t\t\t\t\t\t\t\t\t\t\t\t\t<img decoding=\"async\" width=\"1024\" height=\"1024\" src=\"https:\/\/bbvenomstudio.pl\/wp-content\/uploads\/2026\/05\/Projekt-bez-nazwy-2026-05-05T192142.153-1024x1024.png\" class=\"attachment-large size-large wp-image-1587\" alt=\"projekt bez nazwy 2026 05 05t192142.153\" srcset=\"https:\/\/bbvenomstudio.pl\/wp-content\/uploads\/2026\/05\/Projekt-bez-nazwy-2026-05-05T192142.153-1024x1024.png 1024w, https:\/\/bbvenomstudio.pl\/wp-content\/uploads\/2026\/05\/Projekt-bez-nazwy-2026-05-05T192142.153-300x300.png 300w, https:\/\/bbvenomstudio.pl\/wp-content\/uploads\/2026\/05\/Projekt-bez-nazwy-2026-05-05T192142.153-150x150.png 150w, https:\/\/bbvenomstudio.pl\/wp-content\/uploads\/2026\/05\/Projekt-bez-nazwy-2026-05-05T192142.153-768x768.png 768w, https:\/\/bbvenomstudio.pl\/wp-content\/uploads\/2026\/05\/Projekt-bez-nazwy-2026-05-05T192142.153-1536x1536.png 1536w, https:\/\/bbvenomstudio.pl\/wp-content\/uploads\/2026\/05\/Projekt-bez-nazwy-2026-05-05T192142.153.png 2000w\" sizes=\"(max-width: 1024px) 100vw, 1024px\" title=\"O nas\">\t\t\t\t\t\t\t\t\t\t\t\t\t\t\t<\/div>\n\t\t\t\t<\/div>\n\t\t\t\t<\/div>\n\t\t<div class=\"elementor-element elementor-element-805f8d7 e-con-full e-flex e-con e-child\" data-id=\"805f8d7\" data-element_type=\"container\" data-e-type=\"container\">\n\t\t\t\t<div class=\"elementor-element elementor-element-1fb40ce elementor-widget elementor-widget-image\" data-id=\"1fb40ce\" data-element_type=\"widget\" data-e-type=\"widget\" data-widget_type=\"image.default\">\n\t\t\t\t<div class=\"elementor-widget-container\">\n\t\t\t\t\t\t\t\t\t\t\t\t\t\t\t<img decoding=\"async\" width=\"2000\" height=\"2000\" src=\"https:\/\/bbvenomstudio.pl\/wp-content\/uploads\/2026\/05\/Projekt-bez-nazwy-2026-05-05T192152.217.png\" class=\"attachment-full size-full wp-image-1586\" alt=\"projekt bez nazwy 2026 05 05t192152.217\" srcset=\"https:\/\/bbvenomstudio.pl\/wp-content\/uploads\/2026\/05\/Projekt-bez-nazwy-2026-05-05T192152.217.png 2000w, https:\/\/bbvenomstudio.pl\/wp-content\/uploads\/2026\/05\/Projekt-bez-nazwy-2026-05-05T192152.217-300x300.png 300w, https:\/\/bbvenomstudio.pl\/wp-content\/uploads\/2026\/05\/Projekt-bez-nazwy-2026-05-05T192152.217-1024x1024.png 1024w, https:\/\/bbvenomstudio.pl\/wp-content\/uploads\/2026\/05\/Projekt-bez-nazwy-2026-05-05T192152.217-150x150.png 150w, https:\/\/bbvenomstudio.pl\/wp-content\/uploads\/2026\/05\/Projekt-bez-nazwy-2026-05-05T192152.217-768x768.png 768w, https:\/\/bbvenomstudio.pl\/wp-content\/uploads\/2026\/05\/Projekt-bez-nazwy-2026-05-05T192152.217-1536x1536.png 1536w\" sizes=\"(max-width: 2000px) 100vw, 2000px\" title=\"O nas\">\t\t\t\t\t\t\t\t\t\t\t\t\t\t\t<\/div>\n\t\t\t\t<\/div>\n\t\t\t\t<\/div>\n\t\t\t\t\t<\/div>\n\t\t\t\t<\/div>\n\t\t<div class=\"elementor-element elementor-element-2f73b82 e-flex e-con-boxed e-con e-parent\" data-id=\"2f73b82\" data-element_type=\"container\" data-e-type=\"container\">\n\t\t\t\t\t<div class=\"e-con-inner\">\n\t\t<div class=\"elementor-element elementor-element-a27cfb3 e-con-full e-flex e-con e-child\" data-id=\"a27cfb3\" data-element_type=\"container\" data-e-type=\"container\">\n\t\t\t\t<div class=\"elementor-element elementor-element-2a0d454 elementor-widget elementor-widget-image\" data-id=\"2a0d454\" data-element_type=\"widget\" data-e-type=\"widget\" data-widget_type=\"image.default\">\n\t\t\t\t<div class=\"elementor-widget-container\">\n\t\t\t\t\t\t\t\t\t\t\t\t\t\t\t<img loading=\"lazy\" decoding=\"async\" width=\"2000\" height=\"2000\" src=\"https:\/\/bbvenomstudio.pl\/wp-content\/uploads\/2026\/05\/Projekt-bez-nazwy-2026-05-05T192405.390.png\" class=\"attachment-full size-full wp-image-1592\" alt=\"projekt bez nazwy 2026 05 05t192405.390\" srcset=\"https:\/\/bbvenomstudio.pl\/wp-content\/uploads\/2026\/05\/Projekt-bez-nazwy-2026-05-05T192405.390.png 2000w, https:\/\/bbvenomstudio.pl\/wp-content\/uploads\/2026\/05\/Projekt-bez-nazwy-2026-05-05T192405.390-300x300.png 300w, https:\/\/bbvenomstudio.pl\/wp-content\/uploads\/2026\/05\/Projekt-bez-nazwy-2026-05-05T192405.390-1024x1024.png 1024w, https:\/\/bbvenomstudio.pl\/wp-content\/uploads\/2026\/05\/Projekt-bez-nazwy-2026-05-05T192405.390-150x150.png 150w, https:\/\/bbvenomstudio.pl\/wp-content\/uploads\/2026\/05\/Projekt-bez-nazwy-2026-05-05T192405.390-768x768.png 768w, https:\/\/bbvenomstudio.pl\/wp-content\/uploads\/2026\/05\/Projekt-bez-nazwy-2026-05-05T192405.390-1536x1536.png 1536w\" sizes=\"(max-width: 2000px) 100vw, 2000px\" title=\"O nas\">\t\t\t\t\t\t\t\t\t\t\t\t\t\t\t<\/div>\n\t\t\t\t<\/div>\n\t\t\t\t<\/div>\n\t\t<div class=\"elementor-element elementor-element-19308f6 e-con-full e-flex e-con e-child\" data-id=\"19308f6\" data-element_type=\"container\" data-e-type=\"container\">\n\t\t\t\t<div class=\"elementor-element elementor-element-bc74c1b elementor-widget elementor-widget-image\" data-id=\"bc74c1b\" data-element_type=\"widget\" data-e-type=\"widget\" data-widget_type=\"image.default\">\n\t\t\t\t<div class=\"elementor-widget-container\">\n\t\t\t\t\t\t\t\t\t\t\t\t\t\t\t<img loading=\"lazy\" decoding=\"async\" width=\"1024\" height=\"1024\" src=\"https:\/\/bbvenomstudio.pl\/wp-content\/uploads\/2026\/05\/Projekt-bez-nazwy-2026-05-05T192352.182-1024x1024.png\" class=\"attachment-large size-large wp-image-1593\" alt=\"projekt bez nazwy 2026 05 05t192352.182\" srcset=\"https:\/\/bbvenomstudio.pl\/wp-content\/uploads\/2026\/05\/Projekt-bez-nazwy-2026-05-05T192352.182-1024x1024.png 1024w, https:\/\/bbvenomstudio.pl\/wp-content\/uploads\/2026\/05\/Projekt-bez-nazwy-2026-05-05T192352.182-300x300.png 300w, https:\/\/bbvenomstudio.pl\/wp-content\/uploads\/2026\/05\/Projekt-bez-nazwy-2026-05-05T192352.182-150x150.png 150w, https:\/\/bbvenomstudio.pl\/wp-content\/uploads\/2026\/05\/Projekt-bez-nazwy-2026-05-05T192352.182-768x768.png 768w, https:\/\/bbvenomstudio.pl\/wp-content\/uploads\/2026\/05\/Projekt-bez-nazwy-2026-05-05T192352.182-1536x1536.png 1536w, https:\/\/bbvenomstudio.pl\/wp-content\/uploads\/2026\/05\/Projekt-bez-nazwy-2026-05-05T192352.182.png 2000w\" sizes=\"(max-width: 1024px) 100vw, 1024px\" title=\"O nas\">\t\t\t\t\t\t\t\t\t\t\t\t\t\t\t<\/div>\n\t\t\t\t<\/div>\n\t\t\t\t<\/div>\n\t\t\t\t\t<\/div>\n\t\t\t\t<\/div>\n\t\t\t\t<\/div>\n\t\t","protected":false},"excerpt":{"rendered":"<p>Ma\u0142e studio. Konkretne projekty. Jeste\u015bmy dwuosobowym studiem projektowym. Stawiamy na jako\u015b\u0107, nie ilo\u015b\u0107, dlatego ka\u017cdy projekt traktujemy indywidualnie i od pocz\u0105tku do ko\u0144ca dopracowujemy w szczeg\u00f3\u0142ach. Nie dzia\u0142amy masowo i nie robimy \u201ekolejnych projekt\u00f3w z szablonu\u201d.Ka\u017cdy projekt zaczynamy od zrozumienia Twojego pomys\u0142u i tego, co naprawd\u0119 ma osi\u0105gn\u0105\u0107. \u0141\u0105czymy estetyk\u0119 z funkcjonalno\u015bci\u0105, tak, \u017ceby efekt [&hellip;]<\/p>\n","protected":false},"author":1,"featured_media":0,"parent":0,"menu_order":0,"comment_status":"closed","ping_status":"closed","template":"","meta":{"site-sidebar-layout":"no-sidebar","site-content-layout":"page-builder","ast-site-content-layout":"full-width-container","site-content-style":"default","site-sidebar-style":"default","ast-global-header-display":"","ast-banner-title-visibility":"","ast-main-header-display":"","ast-hfb-above-header-display":"","ast-hfb-below-header-display":"","ast-hfb-mobile-header-display":"","site-post-title":"","ast-breadcrumbs-content":"","ast-featured-img":"disabled","footer-sml-layout":"","ast-disable-related-posts":"","theme-transparent-header-meta":"","adv-header-id-meta":"","stick-header-meta":"","header-above-stick-meta":"","header-main-stick-meta":"","header-below-stick-meta":"","astra-migrate-meta-layouts":"set","ast-page-background-enabled":"default","ast-page-background-meta":{"desktop":{"background-color":"","background-image":"","background-repeat":"repeat","background-position":"center center","background-size":"auto","background-attachment":"scroll","background-type":"","background-media":"","overlay-type":"","overlay-color":"","overlay-opacity":"","overlay-gradient":""},"tablet":{"background-color":"","background-image":"","background-repeat":"repeat","background-position":"center center","background-size":"auto","background-attachment":"scroll","background-type":"","background-media":"","overlay-type":"","overlay-color":"","overlay-opacity":"","overlay-gradient":""},"mobile":{"background-color":"","background-image":"","background-repeat":"repeat","background-position":"center center","background-size":"auto","background-attachment":"scroll","background-type":"","background-media":"","overlay-type":"","overlay-color":"","overlay-opacity":"","overlay-gradient":""}},"ast-content-background-meta":{"desktop":{"background-color":"var(--ast-global-color-5)","background-image":"","background-repeat":"repeat","background-position":"center center","background-size":"auto","background-attachment":"scroll","background-type":"","background-media":"","overlay-type":"","overlay-color":"","overlay-opacity":"","overlay-gradient":""},"tablet":{"background-color":"var(--ast-global-color-5)","background-image":"","background-repeat":"repeat","background-position":"center center","background-size":"auto","background-attachment":"scroll","background-type":"","background-media":"","overlay-type":"","overlay-color":"","overlay-opacity":"","overlay-gradient":""},"mobile":{"background-color":"var(--ast-global-color-5)","background-image":"","background-repeat":"repeat","background-position":"center center","background-size":"auto","background-attachment":"scroll","background-type":"","background-media":"","overlay-type":"","overlay-color":"","overlay-opacity":"","overlay-gradient":""}},"footnotes":""},"class_list":["post-1195","page","type-page","status-publish","hentry"],"_links":{"self":[{"href":"https:\/\/bbvenomstudio.pl\/index.php?rest_route=\/wp\/v2\/pages\/1195","targetHints":{"allow":["GET"]}}],"collection":[{"href":"https:\/\/bbvenomstudio.pl\/index.php?rest_route=\/wp\/v2\/pages"}],"about":[{"href":"https:\/\/bbvenomstudio.pl\/index.php?rest_route=\/wp\/v2\/types\/page"}],"author":[{"embeddable":true,"href":"https:\/\/bbvenomstudio.pl\/index.php?rest_route=\/wp\/v2\/users\/1"}],"replies":[{"embeddable":true,"href":"https:\/\/bbvenomstudio.pl\/index.php?rest_route=%2Fwp%2Fv2%2Fcomments&post=1195"}],"version-history":[{"count":53,"href":"https:\/\/bbvenomstudio.pl\/index.php?rest_route=\/wp\/v2\/pages\/1195\/revisions"}],"predecessor-version":[{"id":1596,"href":"https:\/\/bbvenomstudio.pl\/index.php?rest_route=\/wp\/v2\/pages\/1195\/revisions\/1596"}],"wp:attachment":[{"href":"https:\/\/bbvenomstudio.pl\/index.php?rest_route=%2Fwp%2Fv2%2Fmedia&parent=1195"}],"curies":[{"name":"wp","href":"https:\/\/api.w.org\/{rel}","templated":true}]}}